{"id":38812,"date":"2015-04-23T12:57:21","date_gmt":"2015-04-23T10:57:21","guid":{"rendered":"https:\/\/rogo-rent.hr\/?page_id=38812"},"modified":"2026-01-10T20:13:01","modified_gmt":"2026-01-10T19:13:01","slug":"rezervacije-i-pravila","status":"publish","type":"page","link":"https:\/\/rogo-rent.hr\/hr\/rezervacije-i-pravila\/","title":{"rendered":"Rezervacije i pravila"},"content":{"rendered":"\t\t<div data-elementor-type=\"wp-page\" data-elementor-id=\"38812\" class=\"elementor elementor-38812 elementor-356\" data-elementor-post-type=\"page\">\n\t\t\t\t<div class=\"elementor-element elementor-element-48ad2a9a e-flex e-con-boxed e-con e-parent\" data-id=\"48ad2a9a\" data-element_type=\"container\">\n\t\t\t\t\t<div class=\"e-con-inner\">\n\t\t\t\t<div class=\"elementor-element elementor-element-6b556c40 elementor-widget elementor-widget-text-editor\" data-id=\"6b556c40\" data-element_type=\"widget\" data-widget_type=\"text-editor.default\">\n\t\t\t\t<div class=\"elementor-widget-container\">\n\t\t\t\t\t\t\t\t\t<h2 class=\"wp-block-heading\">Ku\u0107na pravila<\/h2>\n<ul class=\"wp-block-list\">\n<li style=\"list-style-type: none;\">\n<ul class=\"wp-block-list\">\n<li>Na\u0161 dom za odmor namijenjen je za <span style=\"color: #2e9eea;\"><b>maksimalno 2 osobe<\/b><\/span>.<br><span style=\"color: #2e9eea;\"><b>Brojimo sve osobe bez obzira na njihovu dob.<\/b><\/span><\/li>\n<li><span style=\"color: #ff0000;\">Check-in od 18:00 sati<\/span>, Check-out do 10:00 sati<br>Bit \u0107emo osobno prisutni prilikom prijave i odjave<\/li>\n<li>Zabranjeno pu\u0161enje<\/li>\n<li>Zabranjeni ku\u0107ni ljubimci<\/li>\n<li>Zabranjene zabave<\/li>\n<li>Kori\u0161tenje ku\u0107e i terasa dopu\u0161teno je samo za dva gosta prijavljena u trenutku rezervacije. To se tako\u0111er odnosi na kori\u0161tenje svih dodataka.<\/li>\n<li>Molimo vas da ne udarate insekte na zid koje u\u0111u u ku\u0107u unato\u010d mre\u017ei za komarce. To nam poma\u017ee da ku\u0107a bude u dobrom stanju.<\/li>\n<li>Molimo vas da nas odmah kontaktirate u slu\u010daju \u0161tete ili problema kako bismo mogli brzo pomo\u0107i.<\/li>\n<li>Kupaonica: Molimo koristite WC u sjede\u0107em polo\u017eaju!<\/li>\n<li><span style=\"color: #2e9eea;\"><strong>Kuhinja: za pe\u010denje mesa ili ribe, molimo koristite vanjski ro\u0161tilj!<\/strong><\/span><\/li>\n<li><span class=\"Y2IQFc\" lang=\"en\">Kori\u0161tenje na otvorenom:<br>na\u0161 <span style=\"color: #2e9eea;\"><strong>vanjski ro\u0161tilj<\/strong><\/span> je izra\u0111en <span style=\"color: #2e9eea;\"><strong>isklju\u010divo za kori\u0161tenje s briketima za ro\u0161tilj<\/strong><\/span>.<br>Besplatno nudimo ove brikete zajedno s Weber kaminom za palenje.<br>To \u0107e vam dati savr\u0161eni \u017ear za 20 minuta koji \u0107e trajati gotovo sat vremena.<br><strong><span style=\"color: #2e9eea;\">Nije dopu\u0161teno koristiti drvo ili ugljen u ovom ro\u0161tilju.<\/span><\/strong><\/span><\/li>\n<\/ul>\n<\/li>\n<\/ul>\n<h2 class=\"wp-block-heading\" style=\"text-align: left;\">Postupak rezervacije<\/h2>\n<p><strong>Ako \u017eelite napraviti rezervaciju, molimo vas da obratite pa\u017enju na sljede\u0107i postupak:<\/strong><\/p>\n<ul class=\"wp-block-list\">\n<li style=\"list-style-type: none;\">\n<ul class=\"wp-block-list\">\n<li>Nakon \u0161to primimo va\u0161 zahtjev, zatra\u017eit \u0107emo uplatu pologa \u010dim potvrdimo da je tra\u017eeni datum dostupan.<\/li>\n<li><span style=\"color: #2e9eea;\"><b>Ako je va\u0161 upit vi\u0161e od 30 dana prije datuma prijave, zahtijevamo polog od 25% iznosa rezervacije kako bismo napravili rezervaciju.<\/b><\/span><\/li>\n<li>Ako je va\u0161 datum prijave manje od 30 dana nakon va\u0161eg zahtjeva za rezervaciju, zahtijevamo puni iznos unaprijed kako bismo potvrdili rezervaciju.<\/li>\n<li>Nakon primitka pologa ili punog iznosa, datum \u0107e biti rezerviran za vas.<\/li>\n<li><span style=\"color: #2e9eea;\"><b>Najkasnije 30 dana prije datuma prijave, moramo primiti puni iznos na na\u0161 ra\u010dun.<\/b><\/span><\/li>\n<li>Poslat \u0107emo 1 podsjetnik za pla\u0107anje. Ako kona\u010dna uplata ne bude primljena, vratit \u0107emo polog i otkazati \u0107emo va\u0161u rezervaciju.<\/li>\n<\/ul>\n<\/li>\n<\/ul>\n<h2>Pravila otkazivanja<\/h2>\n<ul class=\"wp-block-list\">\n<li><span style=\"color: #2e9eea;\"><b>Da biste dobili puni povrat novca ili pologa, morate otkazati najmanje 30 dana prije prijave.<\/b><\/span><\/li>\n<li>Ako otka\u017eete izme\u0111u 7 i 30 dana prije prijave, bit \u0107e vam napla\u0107eno 50% za sve no\u0107i.<\/li>\n<li>Ako otka\u017eete manje od 7 dana prije prijave, bit \u0107e vam napla\u0107eno 100% za sve no\u0107i, jer ne\u0107emo mo\u0107i iznajmiti ku\u0107u nikome drugome u tako kratkom roku.<\/li>\n<li>Tako\u0111er mo\u017eete dobiti puni povrat novca ako otka\u017eete unutar 48 sati od rezervacije, pod uvjetom da se otkazivanje dogodi najmanje 14 dana prije prijave.&nbsp;<\/li>\n<\/ul>\n<ul class=\"wp-block-list\">\n<li style=\"list-style-type: none; text-align: center;\">\n<h2>Hvala vam \u0161to se prema na\u0161oj ku\u0107i odnosite s po\u0161tovanjem.<\/h2>\n<\/li>\n<\/ul>\t\t\t\t\t\t\t\t<\/div>\n\t\t\t\t<\/div>\n\t\t\t\t\t<\/div>\n\t\t\t\t<\/div>\n\t\t\t\t<\/div>\n\t\t","protected":false},"excerpt":{"rendered":"<p>Ku\u0107na pravila Na\u0161 dom za odmor namijenjen je za maksimalno 2 osobe.Brojimo sve osobe bez obzira na njihovu dob. Check-in od 18:00 sati, Check-out do 10:00 satiBit \u0107emo osobno prisutni prilikom prijave i odjave Zabranjeno pu\u0161enje Zabranjeni ku\u0107ni ljubimci Zabranjene zabave Kori\u0161tenje ku\u0107e i terasa dopu\u0161teno je samo za dva gosta prijavljena u trenutku rezervacije. &#8230;<\/p>\n","protected":false},"author":1,"featured_media":0,"parent":0,"menu_order":0,"comment_status":"closed","ping_status":"closed","template":"terms_conditions.php","meta":{"footnotes":""},"class_list":["post-38812","page","type-page","status-publish","hentry"],"yoast_head":"<!-- This site is optimized with the Yoast SEO plugin v27.3 - https:\/\/yoast.com\/product\/yoast-seo-wordpress\/ -->\n<title>Rezervacije i pravila - Ribarska ku\u0107ica Nik\u0161a - Vis, Hrvatska<\/title>\n<meta name=\"robots\" content=\"index, follow, max-snippet:-1, max-image-preview:large, max-video-preview:-1\" \/>\n<link rel=\"canonical\" href=\"https:\/\/rogo-rent.hr\/hr\/rezervacije-i-pravila\/\" \/>\n<meta property=\"og:locale\" content=\"hr_HR\" \/>\n<meta property=\"og:type\" content=\"article\" \/>\n<meta property=\"og:title\" content=\"Rezervacije i pravila - Ribarska ku\u0107ica Nik\u0161a - Vis, Hrvatska\" \/>\n<meta property=\"og:description\" content=\"Ku\u0107na pravila Na\u0161 dom za odmor namijenjen je za maksimalno 2 osobe.Brojimo sve osobe bez obzira na njihovu dob. Check-in od 18:00 sati, Check-out do 10:00 satiBit \u0107emo osobno prisutni prilikom prijave i odjave Zabranjeno pu\u0161enje Zabranjeni ku\u0107ni ljubimci Zabranjene zabave Kori\u0161tenje ku\u0107e i terasa dopu\u0161teno je samo za dva gosta prijavljena u trenutku rezervacije. ...\" \/>\n<meta property=\"og:url\" content=\"https:\/\/rogo-rent.hr\/hr\/rezervacije-i-pravila\/\" \/>\n<meta property=\"og:site_name\" content=\"Ribarska ku\u0107ica Nik\u0161a - Vis, Hrvatska\" \/>\n<meta property=\"article:modified_time\" content=\"2026-01-10T19:13:01+00:00\" \/>\n<meta name=\"twitter:card\" content=\"summary_large_image\" \/>\n<meta name=\"twitter:label1\" content=\"Procijenjeno vrijeme \u010ditanja\" \/>\n\t<meta name=\"twitter:data1\" content=\"3 minute\" \/>\n<script type=\"application\/ld+json\" class=\"yoast-schema-graph\">{\"@context\":\"https:\\\/\\\/schema.org\",\"@graph\":[{\"@type\":\"WebPage\",\"@id\":\"https:\\\/\\\/rogo-rent.hr\\\/hr\\\/rezervacije-i-pravila\\\/\",\"url\":\"https:\\\/\\\/rogo-rent.hr\\\/hr\\\/rezervacije-i-pravila\\\/\",\"name\":\"Rezervacije i pravila - Ribarska ku\u0107ica Nik\u0161a - Vis, Hrvatska\",\"isPartOf\":{\"@id\":\"https:\\\/\\\/rogo-rent.hr\\\/hr\\\/#website\"},\"datePublished\":\"2015-04-23T10:57:21+00:00\",\"dateModified\":\"2026-01-10T19:13:01+00:00\",\"breadcrumb\":{\"@id\":\"https:\\\/\\\/rogo-rent.hr\\\/hr\\\/rezervacije-i-pravila\\\/#breadcrumb\"},\"inLanguage\":\"hr\",\"potentialAction\":[{\"@type\":\"ReadAction\",\"target\":[\"https:\\\/\\\/rogo-rent.hr\\\/hr\\\/rezervacije-i-pravila\\\/\"]}]},{\"@type\":\"BreadcrumbList\",\"@id\":\"https:\\\/\\\/rogo-rent.hr\\\/hr\\\/rezervacije-i-pravila\\\/#breadcrumb\",\"itemListElement\":[{\"@type\":\"ListItem\",\"position\":1,\"name\":\"Home\",\"item\":\"https:\\\/\\\/rogo-rent.hr\\\/hr\\\/\"},{\"@type\":\"ListItem\",\"position\":2,\"name\":\"Rezervacije i pravila\"}]},{\"@type\":\"WebSite\",\"@id\":\"https:\\\/\\\/rogo-rent.hr\\\/hr\\\/#website\",\"url\":\"https:\\\/\\\/rogo-rent.hr\\\/hr\\\/\",\"name\":\"Seafronthouse Niksa - Vis, Croatia\",\"description\":\"Welcome to our lovingly renovated fisherman&#039;s house \u201cNiksa\u201d - just 10 steps from the sea!\",\"publisher\":{\"@id\":\"https:\\\/\\\/rogo-rent.hr\\\/hr\\\/#organization\"},\"alternateName\":\"Seafronthouse Niksa - Vis Island Croatia\",\"potentialAction\":[{\"@type\":\"SearchAction\",\"target\":{\"@type\":\"EntryPoint\",\"urlTemplate\":\"https:\\\/\\\/rogo-rent.hr\\\/hr\\\/?s={search_term_string}\"},\"query-input\":{\"@type\":\"PropertyValueSpecification\",\"valueRequired\":true,\"valueName\":\"search_term_string\"}}],\"inLanguage\":\"hr\"},{\"@type\":\"Organization\",\"@id\":\"https:\\\/\\\/rogo-rent.hr\\\/hr\\\/#organization\",\"name\":\"Ribarska ku\u0107ica Nik\u0161a - Vis, Hrvatska\",\"url\":\"https:\\\/\\\/rogo-rent.hr\\\/hr\\\/\",\"logo\":{\"@type\":\"ImageObject\",\"inLanguage\":\"hr\",\"@id\":\"https:\\\/\\\/rogo-rent.hr\\\/hr\\\/#\\\/schema\\\/logo\\\/image\\\/\",\"url\":\"https:\\\/\\\/rogo-rent.hr\\\/wp-content\\\/uploads\\\/2025\\\/06\\\/logo-for-mail.webp\",\"contentUrl\":\"https:\\\/\\\/rogo-rent.hr\\\/wp-content\\\/uploads\\\/2025\\\/06\\\/logo-for-mail.webp\",\"width\":300,\"height\":185,\"caption\":\"Ribarska ku\u0107ica Nik\u0161a - Vis, Hrvatska\"},\"image\":{\"@id\":\"https:\\\/\\\/rogo-rent.hr\\\/hr\\\/#\\\/schema\\\/logo\\\/image\\\/\"}}]}<\/script>\n<!-- \/ Yoast SEO plugin. -->","yoast_head_json":{"title":"Rezervacije i pravila - Ribarska ku\u0107ica Nik\u0161a - Vis, Hrvatska","robots":{"index":"index","follow":"follow","max-snippet":"max-snippet:-1","max-image-preview":"max-image-preview:large","max-video-preview":"max-video-preview:-1"},"canonical":"https:\/\/rogo-rent.hr\/hr\/rezervacije-i-pravila\/","og_locale":"hr_HR","og_type":"article","og_title":"Rezervacije i pravila - Ribarska ku\u0107ica Nik\u0161a - Vis, Hrvatska","og_description":"Ku\u0107na pravila Na\u0161 dom za odmor namijenjen je za maksimalno 2 osobe.Brojimo sve osobe bez obzira na njihovu dob. Check-in od 18:00 sati, Check-out do 10:00 satiBit \u0107emo osobno prisutni prilikom prijave i odjave Zabranjeno pu\u0161enje Zabranjeni ku\u0107ni ljubimci Zabranjene zabave Kori\u0161tenje ku\u0107e i terasa dopu\u0161teno je samo za dva gosta prijavljena u trenutku rezervacije. ...","og_url":"https:\/\/rogo-rent.hr\/hr\/rezervacije-i-pravila\/","og_site_name":"Ribarska ku\u0107ica Nik\u0161a - Vis, Hrvatska","article_modified_time":"2026-01-10T19:13:01+00:00","twitter_card":"summary_large_image","twitter_misc":{"Procijenjeno vrijeme \u010ditanja":"3 minute"},"schema":{"@context":"https:\/\/schema.org","@graph":[{"@type":"WebPage","@id":"https:\/\/rogo-rent.hr\/hr\/rezervacije-i-pravila\/","url":"https:\/\/rogo-rent.hr\/hr\/rezervacije-i-pravila\/","name":"Rezervacije i pravila - Ribarska ku\u0107ica Nik\u0161a - Vis, Hrvatska","isPartOf":{"@id":"https:\/\/rogo-rent.hr\/hr\/#website"},"datePublished":"2015-04-23T10:57:21+00:00","dateModified":"2026-01-10T19:13:01+00:00","breadcrumb":{"@id":"https:\/\/rogo-rent.hr\/hr\/rezervacije-i-pravila\/#breadcrumb"},"inLanguage":"hr","potentialAction":[{"@type":"ReadAction","target":["https:\/\/rogo-rent.hr\/hr\/rezervacije-i-pravila\/"]}]},{"@type":"BreadcrumbList","@id":"https:\/\/rogo-rent.hr\/hr\/rezervacije-i-pravila\/#breadcrumb","itemListElement":[{"@type":"ListItem","position":1,"name":"Home","item":"https:\/\/rogo-rent.hr\/hr\/"},{"@type":"ListItem","position":2,"name":"Rezervacije i pravila"}]},{"@type":"WebSite","@id":"https:\/\/rogo-rent.hr\/hr\/#website","url":"https:\/\/rogo-rent.hr\/hr\/","name":"Seafronthouse Niksa - Vis, Croatia","description":"Welcome to our lovingly renovated fisherman&#039;s house \u201cNiksa\u201d - just 10 steps from the sea!","publisher":{"@id":"https:\/\/rogo-rent.hr\/hr\/#organization"},"alternateName":"Seafronthouse Niksa - Vis Island Croatia","potentialAction":[{"@type":"SearchAction","target":{"@type":"EntryPoint","urlTemplate":"https:\/\/rogo-rent.hr\/hr\/?s={search_term_string}"},"query-input":{"@type":"PropertyValueSpecification","valueRequired":true,"valueName":"search_term_string"}}],"inLanguage":"hr"},{"@type":"Organization","@id":"https:\/\/rogo-rent.hr\/hr\/#organization","name":"Ribarska ku\u0107ica Nik\u0161a - Vis, Hrvatska","url":"https:\/\/rogo-rent.hr\/hr\/","logo":{"@type":"ImageObject","inLanguage":"hr","@id":"https:\/\/rogo-rent.hr\/hr\/#\/schema\/logo\/image\/","url":"https:\/\/rogo-rent.hr\/wp-content\/uploads\/2025\/06\/logo-for-mail.webp","contentUrl":"https:\/\/rogo-rent.hr\/wp-content\/uploads\/2025\/06\/logo-for-mail.webp","width":300,"height":185,"caption":"Ribarska ku\u0107ica Nik\u0161a - Vis, Hrvatska"},"image":{"@id":"https:\/\/rogo-rent.hr\/hr\/#\/schema\/logo\/image\/"}}]}},"_links":{"self":[{"href":"https:\/\/rogo-rent.hr\/hr\/wp-json\/wp\/v2\/pages\/38812","targetHints":{"allow":["GET"]}}],"collection":[{"href":"https:\/\/rogo-rent.hr\/hr\/wp-json\/wp\/v2\/pages"}],"about":[{"href":"https:\/\/rogo-rent.hr\/hr\/wp-json\/wp\/v2\/types\/page"}],"author":[{"embeddable":true,"href":"https:\/\/rogo-rent.hr\/hr\/wp-json\/wp\/v2\/users\/1"}],"replies":[{"embeddable":true,"href":"https:\/\/rogo-rent.hr\/hr\/wp-json\/wp\/v2\/comments?post=38812"}],"version-history":[{"count":26,"href":"https:\/\/rogo-rent.hr\/hr\/wp-json\/wp\/v2\/pages\/38812\/revisions"}],"predecessor-version":[{"id":39377,"href":"https:\/\/rogo-rent.hr\/hr\/wp-json\/wp\/v2\/pages\/38812\/revisions\/39377"}],"wp:attachment":[{"href":"https:\/\/rogo-rent.hr\/hr\/wp-json\/wp\/v2\/media?parent=38812"}],"curies":[{"name":"wp","href":"https:\/\/api.w.org\/{rel}","templated":true}]}}