{"id":38790,"date":"2021-09-02T08:52:13","date_gmt":"2021-09-02T06:52:13","guid":{"rendered":"https:\/\/rogo-rent.hr\/uvjeti-otkazivanja\/"},"modified":"2026-01-10T20:18:47","modified_gmt":"2026-01-10T19:18:47","slug":"kucni-red","status":"publish","type":"page","link":"https:\/\/rogo-rent.hr\/hr\/kucni-red\/","title":{"rendered":"Ku\u0107ni red"},"content":{"rendered":"\t\t<div data-elementor-type=\"wp-page\" data-elementor-id=\"38790\" class=\"elementor elementor-38790 elementor-36436\" data-elementor-post-type=\"page\">\n\t\t\t\t<div class=\"elementor-element elementor-element-6c9c5ad6 e-flex e-con-boxed e-con e-parent\" data-id=\"6c9c5ad6\" data-element_type=\"container\">\n\t\t\t\t\t<div class=\"e-con-inner\">\n\t\t\t\t<div class=\"elementor-element elementor-element-26cc7e7 elementor-widget elementor-widget-text-editor\" data-id=\"26cc7e7\" data-element_type=\"widget\" data-widget_type=\"text-editor.default\">\n\t\t\t\t<div class=\"elementor-widget-container\">\n\t\t\t\t\t\t\t\t\t<ul class=\"wp-block-list\"><li style=\"list-style-type: none;\"><ul class=\"wp-block-list\"><li>Na\u0161 dom za odmor namijenjen je za\u00a0<span style=\"color: #2e9eea;\"><b>maksimalno 2 osobe<\/b><\/span>.\u00a0<br \/><b><span style=\"color: #2e9eea;\">Brojimo sve osobe bez obzira na njihovu dob<\/span>.<\/b><\/li><li><span style=\"color: #ff0000;\">Check-in od 18:00 sati<\/span>, Check-out do 10:00 sati<br \/>Bit \u0107emo osobno prisutni prilikom prijave i odjave.<\/li><li>Zabranjeno pu\u0161enje<\/li><li>Zabranjeni ku\u0107ni ljubimci<\/li><li>Zabranjene zabave<\/li><li>Kori\u0161tenje ku\u0107e i terasa dopu\u0161teno je samo za dva gosta prijavljena u trenutku rezervacije. To se tako\u0111er odnosi na kori\u0161tenje svih dodataka.<\/li><li>Molimo vas da ne udarate insekte na zid, koje u\u0111u u ku\u0107u unato\u010d mre\u017ei za komarce. To nam poma\u017ee da ku\u0107a bude u dobrom stanju.<\/li><li>Molimo vas da nas odmah kontaktirate u slu\u010daju \u0161tete ili problema kako bismo mogli brzo pomo\u0107i.<\/li><li>Kupaonica: Molimo koristite WC u sjede\u0107em polo\u017eaju!<\/li><li><span style=\"color: #2e9eea;\"><strong>Kuhinja: za pe\u010denje mesa ili ribe, molimo koristite vanjski ro\u0161tilj!<\/strong><\/span><\/li><li><span class=\"Y2IQFc\" lang=\"en\">Kori\u0161tenje na otvorenom:<br \/>na\u0161\u00a0<span style=\"color: #2e9eea;\"><strong>vanjski ro\u0161tilj<\/strong><\/span>\u00a0je izra\u0111en\u00a0<span style=\"color: #2e9eea;\"><strong>isklju\u010divo za kori\u0161tenje s briketima za ro\u0161tilj<\/strong><\/span>.<br \/>Besplatno nudimo ove brikete zajedno s Weber kaminom za palenje.<br \/>To \u0107e vam dati savr\u0161eni \u017ear za 20 minuta koji \u0107e trajati gotovo sat vremena.<br \/><strong><span style=\"color: #2e9eea;\">Nije dopu\u0161teno koristiti drvo ili ugljen u ovom ro\u0161tilju<\/span><\/strong><\/span>.<\/li><\/ul><\/li><\/ul><h2 style=\"text-align: center;\">Hvala vam \u0161to se prema na\u0161oj ku\u0107i odnosite s po\u0161tovanjem.<\/h2>\t\t\t\t\t\t\t\t<\/div>\n\t\t\t\t<\/div>\n\t\t\t\t\t<\/div>\n\t\t\t\t<\/div>\n\t\t\t\t<\/div>\n\t\t","protected":false},"excerpt":{"rendered":"<p>Na\u0161 dom za odmor namijenjen je za\u00a0maksimalno 2 osobe.\u00a0Brojimo sve osobe bez obzira na njihovu dob. Check-in od 18:00 sati, Check-out do 10:00 satiBit \u0107emo osobno prisutni prilikom prijave i odjave. Zabranjeno pu\u0161enje Zabranjeni ku\u0107ni ljubimci Zabranjene zabave Kori\u0161tenje ku\u0107e i terasa dopu\u0161teno je samo za dva gosta prijavljena u trenutku rezervacije. To se tako\u0111er &#8230;<\/p>\n","protected":false},"author":1,"featured_media":0,"parent":0,"menu_order":0,"comment_status":"closed","ping_status":"closed","template":"","meta":{"footnotes":""},"class_list":["post-38790","page","type-page","status-publish","hentry"],"yoast_head":"<!-- This site is optimized with the Yoast SEO plugin v27.3 - https:\/\/yoast.com\/product\/yoast-seo-wordpress\/ -->\n<title>Ku\u0107ni red - Ribarska ku\u0107ica Nik\u0161a - Vis, Hrvatska<\/title>\n<meta name=\"robots\" content=\"index, follow, max-snippet:-1, max-image-preview:large, max-video-preview:-1\" \/>\n<link rel=\"canonical\" href=\"https:\/\/rogo-rent.hr\/hr\/kucni-red\/\" \/>\n<meta property=\"og:locale\" content=\"hr_HR\" \/>\n<meta property=\"og:type\" content=\"article\" \/>\n<meta property=\"og:title\" content=\"Ku\u0107ni red - Ribarska ku\u0107ica Nik\u0161a - Vis, Hrvatska\" \/>\n<meta property=\"og:description\" content=\"Na\u0161 dom za odmor namijenjen je za\u00a0maksimalno 2 osobe.\u00a0Brojimo sve osobe bez obzira na njihovu dob. Check-in od 18:00 sati, Check-out do 10:00 satiBit \u0107emo osobno prisutni prilikom prijave i odjave. Zabranjeno pu\u0161enje Zabranjeni ku\u0107ni ljubimci Zabranjene zabave Kori\u0161tenje ku\u0107e i terasa dopu\u0161teno je samo za dva gosta prijavljena u trenutku rezervacije. To se tako\u0111er ...\" \/>\n<meta property=\"og:url\" content=\"https:\/\/rogo-rent.hr\/hr\/kucni-red\/\" \/>\n<meta property=\"og:site_name\" content=\"Ribarska ku\u0107ica Nik\u0161a - Vis, Hrvatska\" \/>\n<meta property=\"article:modified_time\" content=\"2026-01-10T19:18:47+00:00\" \/>\n<meta name=\"twitter:card\" content=\"summary_large_image\" \/>\n<meta name=\"twitter:label1\" content=\"Procijenjeno vrijeme \u010ditanja\" \/>\n\t<meta name=\"twitter:data1\" content=\"1 minuta\" \/>\n<script type=\"application\/ld+json\" class=\"yoast-schema-graph\">{\"@context\":\"https:\\\/\\\/schema.org\",\"@graph\":[{\"@type\":\"WebPage\",\"@id\":\"https:\\\/\\\/rogo-rent.hr\\\/hr\\\/kucni-red\\\/\",\"url\":\"https:\\\/\\\/rogo-rent.hr\\\/hr\\\/kucni-red\\\/\",\"name\":\"Ku\u0107ni red - Ribarska ku\u0107ica Nik\u0161a - Vis, Hrvatska\",\"isPartOf\":{\"@id\":\"https:\\\/\\\/rogo-rent.hr\\\/hr\\\/#website\"},\"datePublished\":\"2021-09-02T06:52:13+00:00\",\"dateModified\":\"2026-01-10T19:18:47+00:00\",\"breadcrumb\":{\"@id\":\"https:\\\/\\\/rogo-rent.hr\\\/hr\\\/kucni-red\\\/#breadcrumb\"},\"inLanguage\":\"hr\",\"potentialAction\":[{\"@type\":\"ReadAction\",\"target\":[\"https:\\\/\\\/rogo-rent.hr\\\/hr\\\/kucni-red\\\/\"]}]},{\"@type\":\"BreadcrumbList\",\"@id\":\"https:\\\/\\\/rogo-rent.hr\\\/hr\\\/kucni-red\\\/#breadcrumb\",\"itemListElement\":[{\"@type\":\"ListItem\",\"position\":1,\"name\":\"Home\",\"item\":\"https:\\\/\\\/rogo-rent.hr\\\/hr\\\/\"},{\"@type\":\"ListItem\",\"position\":2,\"name\":\"Ku\u0107ni red\"}]},{\"@type\":\"WebSite\",\"@id\":\"https:\\\/\\\/rogo-rent.hr\\\/hr\\\/#website\",\"url\":\"https:\\\/\\\/rogo-rent.hr\\\/hr\\\/\",\"name\":\"Seafronthouse Niksa - Vis, Croatia\",\"description\":\"Welcome to our lovingly renovated fisherman&#039;s house \u201cNiksa\u201d - just 10 steps from the sea!\",\"publisher\":{\"@id\":\"https:\\\/\\\/rogo-rent.hr\\\/hr\\\/#organization\"},\"alternateName\":\"Seafronthouse Niksa - Vis Island Croatia\",\"potentialAction\":[{\"@type\":\"SearchAction\",\"target\":{\"@type\":\"EntryPoint\",\"urlTemplate\":\"https:\\\/\\\/rogo-rent.hr\\\/hr\\\/?s={search_term_string}\"},\"query-input\":{\"@type\":\"PropertyValueSpecification\",\"valueRequired\":true,\"valueName\":\"search_term_string\"}}],\"inLanguage\":\"hr\"},{\"@type\":\"Organization\",\"@id\":\"https:\\\/\\\/rogo-rent.hr\\\/hr\\\/#organization\",\"name\":\"Ribarska ku\u0107ica Nik\u0161a - Vis, Hrvatska\",\"url\":\"https:\\\/\\\/rogo-rent.hr\\\/hr\\\/\",\"logo\":{\"@type\":\"ImageObject\",\"inLanguage\":\"hr\",\"@id\":\"https:\\\/\\\/rogo-rent.hr\\\/hr\\\/#\\\/schema\\\/logo\\\/image\\\/\",\"url\":\"https:\\\/\\\/rogo-rent.hr\\\/wp-content\\\/uploads\\\/2025\\\/06\\\/logo-for-mail.webp\",\"contentUrl\":\"https:\\\/\\\/rogo-rent.hr\\\/wp-content\\\/uploads\\\/2025\\\/06\\\/logo-for-mail.webp\",\"width\":300,\"height\":185,\"caption\":\"Ribarska ku\u0107ica Nik\u0161a - Vis, Hrvatska\"},\"image\":{\"@id\":\"https:\\\/\\\/rogo-rent.hr\\\/hr\\\/#\\\/schema\\\/logo\\\/image\\\/\"}}]}<\/script>\n<!-- \/ Yoast SEO plugin. -->","yoast_head_json":{"title":"Ku\u0107ni red - Ribarska ku\u0107ica Nik\u0161a - Vis, Hrvatska","robots":{"index":"index","follow":"follow","max-snippet":"max-snippet:-1","max-image-preview":"max-image-preview:large","max-video-preview":"max-video-preview:-1"},"canonical":"https:\/\/rogo-rent.hr\/hr\/kucni-red\/","og_locale":"hr_HR","og_type":"article","og_title":"Ku\u0107ni red - Ribarska ku\u0107ica Nik\u0161a - Vis, Hrvatska","og_description":"Na\u0161 dom za odmor namijenjen je za\u00a0maksimalno 2 osobe.\u00a0Brojimo sve osobe bez obzira na njihovu dob. Check-in od 18:00 sati, Check-out do 10:00 satiBit \u0107emo osobno prisutni prilikom prijave i odjave. Zabranjeno pu\u0161enje Zabranjeni ku\u0107ni ljubimci Zabranjene zabave Kori\u0161tenje ku\u0107e i terasa dopu\u0161teno je samo za dva gosta prijavljena u trenutku rezervacije. To se tako\u0111er ...","og_url":"https:\/\/rogo-rent.hr\/hr\/kucni-red\/","og_site_name":"Ribarska ku\u0107ica Nik\u0161a - Vis, Hrvatska","article_modified_time":"2026-01-10T19:18:47+00:00","twitter_card":"summary_large_image","twitter_misc":{"Procijenjeno vrijeme \u010ditanja":"1 minuta"},"schema":{"@context":"https:\/\/schema.org","@graph":[{"@type":"WebPage","@id":"https:\/\/rogo-rent.hr\/hr\/kucni-red\/","url":"https:\/\/rogo-rent.hr\/hr\/kucni-red\/","name":"Ku\u0107ni red - Ribarska ku\u0107ica Nik\u0161a - Vis, Hrvatska","isPartOf":{"@id":"https:\/\/rogo-rent.hr\/hr\/#website"},"datePublished":"2021-09-02T06:52:13+00:00","dateModified":"2026-01-10T19:18:47+00:00","breadcrumb":{"@id":"https:\/\/rogo-rent.hr\/hr\/kucni-red\/#breadcrumb"},"inLanguage":"hr","potentialAction":[{"@type":"ReadAction","target":["https:\/\/rogo-rent.hr\/hr\/kucni-red\/"]}]},{"@type":"BreadcrumbList","@id":"https:\/\/rogo-rent.hr\/hr\/kucni-red\/#breadcrumb","itemListElement":[{"@type":"ListItem","position":1,"name":"Home","item":"https:\/\/rogo-rent.hr\/hr\/"},{"@type":"ListItem","position":2,"name":"Ku\u0107ni red"}]},{"@type":"WebSite","@id":"https:\/\/rogo-rent.hr\/hr\/#website","url":"https:\/\/rogo-rent.hr\/hr\/","name":"Seafronthouse Niksa - Vis, Croatia","description":"Welcome to our lovingly renovated fisherman&#039;s house \u201cNiksa\u201d - just 10 steps from the sea!","publisher":{"@id":"https:\/\/rogo-rent.hr\/hr\/#organization"},"alternateName":"Seafronthouse Niksa - Vis Island Croatia","potentialAction":[{"@type":"SearchAction","target":{"@type":"EntryPoint","urlTemplate":"https:\/\/rogo-rent.hr\/hr\/?s={search_term_string}"},"query-input":{"@type":"PropertyValueSpecification","valueRequired":true,"valueName":"search_term_string"}}],"inLanguage":"hr"},{"@type":"Organization","@id":"https:\/\/rogo-rent.hr\/hr\/#organization","name":"Ribarska ku\u0107ica Nik\u0161a - Vis, Hrvatska","url":"https:\/\/rogo-rent.hr\/hr\/","logo":{"@type":"ImageObject","inLanguage":"hr","@id":"https:\/\/rogo-rent.hr\/hr\/#\/schema\/logo\/image\/","url":"https:\/\/rogo-rent.hr\/wp-content\/uploads\/2025\/06\/logo-for-mail.webp","contentUrl":"https:\/\/rogo-rent.hr\/wp-content\/uploads\/2025\/06\/logo-for-mail.webp","width":300,"height":185,"caption":"Ribarska ku\u0107ica Nik\u0161a - Vis, Hrvatska"},"image":{"@id":"https:\/\/rogo-rent.hr\/hr\/#\/schema\/logo\/image\/"}}]}},"_links":{"self":[{"href":"https:\/\/rogo-rent.hr\/hr\/wp-json\/wp\/v2\/pages\/38790","targetHints":{"allow":["GET"]}}],"collection":[{"href":"https:\/\/rogo-rent.hr\/hr\/wp-json\/wp\/v2\/pages"}],"about":[{"href":"https:\/\/rogo-rent.hr\/hr\/wp-json\/wp\/v2\/types\/page"}],"author":[{"embeddable":true,"href":"https:\/\/rogo-rent.hr\/hr\/wp-json\/wp\/v2\/users\/1"}],"replies":[{"embeddable":true,"href":"https:\/\/rogo-rent.hr\/hr\/wp-json\/wp\/v2\/comments?post=38790"}],"version-history":[{"count":18,"href":"https:\/\/rogo-rent.hr\/hr\/wp-json\/wp\/v2\/pages\/38790\/revisions"}],"predecessor-version":[{"id":39389,"href":"https:\/\/rogo-rent.hr\/hr\/wp-json\/wp\/v2\/pages\/38790\/revisions\/39389"}],"wp:attachment":[{"href":"https:\/\/rogo-rent.hr\/hr\/wp-json\/wp\/v2\/media?parent=38790"}],"curies":[{"name":"wp","href":"https:\/\/api.w.org\/{rel}","templated":true}]}}