{"id":38814,"date":"2015-04-23T12:57:21","date_gmt":"2015-04-23T10:57:21","guid":{"rendered":"https:\/\/rogo-rent.hr\/?page_id=38814"},"modified":"2026-01-10T20:09:12","modified_gmt":"2026-01-10T19:09:12","slug":"buchung-regeln","status":"publish","type":"page","link":"https:\/\/rogo-rent.hr\/de\/buchung-regeln\/","title":{"rendered":"Buchung &amp; Regeln"},"content":{"rendered":"\t\t<div data-elementor-type=\"wp-page\" data-elementor-id=\"38814\" class=\"elementor elementor-38814 elementor-356\" data-elementor-post-type=\"page\">\n\t\t\t\t<div class=\"elementor-element elementor-element-48ad2a9a e-flex e-con-boxed e-con e-parent\" data-id=\"48ad2a9a\" data-element_type=\"container\">\n\t\t\t\t\t<div class=\"e-con-inner\">\n\t\t\t\t<div class=\"elementor-element elementor-element-6b556c40 elementor-widget elementor-widget-text-editor\" data-id=\"6b556c40\" data-element_type=\"widget\" data-widget_type=\"text-editor.default\">\n\t\t\t\t<div class=\"elementor-widget-container\">\n\t\t\t\t\t\t\t\t\t<h2 class=\"wp-block-heading\">Wichtige Hausregeln<\/h2><ul class=\"wp-block-list\"><li style=\"list-style-type: none;\"><ul class=\"wp-block-list\"><li>Unser Ferienhaus ist f\u00fcr maximal <span style=\"color: #2e9eea;\"><b>2 Personen<\/b><\/span> ausgelegt.<br \/><span style=\"color: #2e9eea;\"><b>Wir z\u00e4hlen alle Personen, unabh\u00e4ngig von ihrem Alter.<\/b><\/span><\/li><li><span style=\"color: #ff0000;\">Check-in: ab 18:00<\/span> Uhr, Check-out: bis 10:00 Uhr<br \/>Beim Check-in und beim Check-out werden wir pers\u00f6nlich anwesend sein.<\/li><li>Rauchen verboten<\/li><li>Keine Haustiere<\/li><li>Keine Partys<\/li><li>Die Nutzung des Hauses und der Terrassen ist nur den beiden zum Zeitpunkt der Buchung registrierten G\u00e4sten gestattet. Dies gilt auch f\u00fcr die Nutzung s\u00e4mtlichen Zubeh\u00f6rs.<\/li><li>Wir bitten Sie die\u00a0 Insekten welche trotz Fliegenschutzgitter ins Haus gelangen nicht an die Wand zu schlagen. Dies hilft uns, das Haus in gutem Zustand zu halten.<\/li><li>Wir bitten Sie, uns im Falle von Sch\u00e4den oder Problemen umgehend zu kontaktieren, damit wir schnell helfen k\u00f6nnen.<\/li><li>Badezimmer: Bitte benutzen Sie die Toilette im Sitzen!<\/li><li><span style=\"color: #2e9eea;\"><strong>K\u00fcche: Zum Grillen von Fleisch oder Fisch nutzen Sie bitte den Au\u00dfengrill!<\/strong><\/span><\/li><li><span class=\"Y2IQFc\" lang=\"en\">Aussenbereich: Unser <span style=\"color: #2e9eea;\"><strong>Au\u00dfengrill<\/strong><\/span> ist <span style=\"color: #2e9eea;\"><strong>ausschlie\u00dflich f\u00fcr die Verwendung mit Grillbriketts<\/strong><\/span> bestimmt.<br \/>Wir stellen Ihnen diese Briketts zusammen mit einem Weber-Grillanz\u00fcnder kostenlos zur Verf\u00fcgung.<br \/>Damit erhalten Sie in 20 Minuten eine perfekte Glut, die fast eine Stunde lang h\u00e4lt.<br \/><strong><span style=\"color: #2e9eea;\">Es ist nicht gestattet, in diesem Grill Holz oder Holzkohle zu verwenden.<\/span><\/strong><\/span><\/li><\/ul><\/li><\/ul><h2 class=\"wp-block-heading\" style=\"text-align: left;\">Buchungsablauf<\/h2><p><strong>Wenn Sie eine Reservierung vornehmen m\u00f6chten, beachten Sie bitte den folgenden Ablauf:<\/strong><\/p><ul class=\"wp-block-list\"><li style=\"list-style-type: none;\"><ul class=\"wp-block-list\"><li>Nachdem wir Ihre Anfrage erhalten haben, werden wir Sie um eine Zahlung bitten, sobald wir best\u00e4tigt haben, dass Ihr gew\u00fcnschter Termin verf\u00fcgbar ist.<\/li><li><span style=\"color: #2e9eea;\"><b>Wenn Ihre Anfrage mehr als 30 Tage vor dem Check-in-Datum liegt, ben\u00f6tigen wir eine Anzahlung von 25 % des Buchungsbetrags, um eine Reservierung vorzunehmen.<\/b><\/span><\/li><li>Wenn Ihre Anfrage weniger als 30 Tage vor dem Check-in Datum liegt, ben\u00f6tigen wir den vollen Betrag im Voraus, um die Reservierung zu best\u00e4tigen.<\/li><li>Erst nach Erhalt der Anzahlung oder des vollen Betrags wird der Termin f\u00fcr Sie reserviert.<\/li><li><span style=\"color: #2e9eea;\"><b>Sp\u00e4testens 30 Tage vor dem Check-in-Datum ben\u00f6tigen wir den vollen Betrag auf unserem Konto.<\/b><\/span><\/li><li>Wir werden im Voraus eine Zahlungserinnerung versenden. Wenn die Restzahlung nicht fristgerecht bei uns eingeht, erstatten wir die Anzahlung und stornieren die Reservierung.<\/li><\/ul><\/li><\/ul><h2>Stornierungsbedingungen<\/h2><ul class=\"wp-block-list\"><li><span style=\"color: #2e9eea;\"><b>Um eine vollst\u00e4ndige R\u00fcckerstattung oder Anzahlung zu erhalten, m\u00fcssen Sie mindestens 30 Tage vor dem Check-in stornieren.<\/b><\/span><\/li><li>Wenn Sie zwischen 7 und 30 Tagen vor dem Check-in stornieren, werden 50 % des Gesamtpreises f\u00fcr alle N\u00e4chte berechnet.<\/li><li>Wenn Sie weniger als 7 Tage vor dem Check-in stornieren, werden 100 % des Gesamtpreises f\u00fcr alle N\u00e4chte berechnet, da wir das Haus so kurzfristig nicht neu vermieten werden.<\/li><li>Sie k\u00f6nnen auch eine vollst\u00e4ndige R\u00fcckerstattung erhalten, wenn Sie innerhalb von 48 Stunden nach der Buchung stornieren, sofern die Stornierung mindestens 14 Tage vor dem Check-in Datum erfolgt.<\/li><li style=\"list-style-type: none;\">\u00a0<\/li><\/ul><ul class=\"wp-block-list\"><li style=\"list-style-type: none; text-align: center;\"><h2>Vielen Dank, dass Sie unser Haus mit Respekt behandeln.<\/h2><\/li><\/ul>\t\t\t\t\t\t\t\t<\/div>\n\t\t\t\t<\/div>\n\t\t\t\t\t<\/div>\n\t\t\t\t<\/div>\n\t\t\t\t<\/div>\n\t\t","protected":false},"excerpt":{"rendered":"<p>Wichtige Hausregeln Unser Ferienhaus ist f\u00fcr maximal 2 Personen ausgelegt.Wir z\u00e4hlen alle Personen, unabh\u00e4ngig von ihrem Alter. Check-in: ab 18:00 Uhr, Check-out: bis 10:00 UhrBeim Check-in und beim Check-out werden wir pers\u00f6nlich anwesend sein. Rauchen verboten Keine Haustiere Keine Partys Die Nutzung des Hauses und der Terrassen ist nur den beiden zum Zeitpunkt der Buchung &#8230;<\/p>\n","protected":false},"author":1,"featured_media":0,"parent":0,"menu_order":0,"comment_status":"closed","ping_status":"closed","template":"terms_conditions.php","meta":{"footnotes":""},"class_list":["post-38814","page","type-page","status-publish","hentry"],"yoast_head":"<!-- This site is optimized with the Yoast SEO plugin v27.3 - https:\/\/yoast.com\/product\/yoast-seo-wordpress\/ -->\n<title>Buchung &amp; Regeln - Strandhaus Nik\u0161a - Vis, Kroatien<\/title>\n<meta name=\"robots\" content=\"index, follow, max-snippet:-1, max-image-preview:large, max-video-preview:-1\" \/>\n<link rel=\"canonical\" href=\"https:\/\/rogo-rent.hr\/de\/buchung-regeln\/\" \/>\n<meta property=\"og:locale\" content=\"de_DE\" \/>\n<meta property=\"og:type\" content=\"article\" \/>\n<meta property=\"og:title\" content=\"Buchung &amp; Regeln - Strandhaus Nik\u0161a - Vis, Kroatien\" \/>\n<meta property=\"og:description\" content=\"Wichtige Hausregeln Unser Ferienhaus ist f\u00fcr maximal 2 Personen ausgelegt.Wir z\u00e4hlen alle Personen, unabh\u00e4ngig von ihrem Alter. Check-in: ab 18:00 Uhr, Check-out: bis 10:00 UhrBeim Check-in und beim Check-out werden wir pers\u00f6nlich anwesend sein. Rauchen verboten Keine Haustiere Keine Partys Die Nutzung des Hauses und der Terrassen ist nur den beiden zum Zeitpunkt der Buchung ...\" \/>\n<meta property=\"og:url\" content=\"https:\/\/rogo-rent.hr\/de\/buchung-regeln\/\" \/>\n<meta property=\"og:site_name\" content=\"Strandhaus Nik\u0161a - Vis, Kroatien\" \/>\n<meta property=\"article:modified_time\" content=\"2026-01-10T19:09:12+00:00\" \/>\n<meta name=\"twitter:card\" content=\"summary_large_image\" \/>\n<meta name=\"twitter:label1\" content=\"Gesch\u00e4tzte Lesezeit\" \/>\n\t<meta name=\"twitter:data1\" content=\"3\u00a0Minuten\" \/>\n<script type=\"application\/ld+json\" class=\"yoast-schema-graph\">{\"@context\":\"https:\\\/\\\/schema.org\",\"@graph\":[{\"@type\":\"WebPage\",\"@id\":\"https:\\\/\\\/rogo-rent.hr\\\/de\\\/buchung-regeln\\\/\",\"url\":\"https:\\\/\\\/rogo-rent.hr\\\/de\\\/buchung-regeln\\\/\",\"name\":\"Buchung &amp; Regeln - Strandhaus Nik\u0161a - Vis, Kroatien\",\"isPartOf\":{\"@id\":\"https:\\\/\\\/rogo-rent.hr\\\/de\\\/#website\"},\"datePublished\":\"2015-04-23T10:57:21+00:00\",\"dateModified\":\"2026-01-10T19:09:12+00:00\",\"breadcrumb\":{\"@id\":\"https:\\\/\\\/rogo-rent.hr\\\/de\\\/buchung-regeln\\\/#breadcrumb\"},\"inLanguage\":\"de\",\"potentialAction\":[{\"@type\":\"ReadAction\",\"target\":[\"https:\\\/\\\/rogo-rent.hr\\\/de\\\/buchung-regeln\\\/\"]}]},{\"@type\":\"BreadcrumbList\",\"@id\":\"https:\\\/\\\/rogo-rent.hr\\\/de\\\/buchung-regeln\\\/#breadcrumb\",\"itemListElement\":[{\"@type\":\"ListItem\",\"position\":1,\"name\":\"Home\",\"item\":\"https:\\\/\\\/rogo-rent.hr\\\/de\\\/\"},{\"@type\":\"ListItem\",\"position\":2,\"name\":\"Buchung &amp; Regeln\"}]},{\"@type\":\"WebSite\",\"@id\":\"https:\\\/\\\/rogo-rent.hr\\\/de\\\/#website\",\"url\":\"https:\\\/\\\/rogo-rent.hr\\\/de\\\/\",\"name\":\"Seafronthouse Niksa - Vis, Croatia\",\"description\":\"Welcome to our lovingly renovated fisherman&#039;s house \u201cNiksa\u201d - just 10 steps from the sea!\",\"publisher\":{\"@id\":\"https:\\\/\\\/rogo-rent.hr\\\/de\\\/#organization\"},\"alternateName\":\"Seafronthouse Niksa - Vis Island Croatia\",\"potentialAction\":[{\"@type\":\"SearchAction\",\"target\":{\"@type\":\"EntryPoint\",\"urlTemplate\":\"https:\\\/\\\/rogo-rent.hr\\\/de\\\/?s={search_term_string}\"},\"query-input\":{\"@type\":\"PropertyValueSpecification\",\"valueRequired\":true,\"valueName\":\"search_term_string\"}}],\"inLanguage\":\"de\"},{\"@type\":\"Organization\",\"@id\":\"https:\\\/\\\/rogo-rent.hr\\\/de\\\/#organization\",\"name\":\"Strandhaus Nik\u0161a - Vis, Kroatien\",\"url\":\"https:\\\/\\\/rogo-rent.hr\\\/de\\\/\",\"logo\":{\"@type\":\"ImageObject\",\"inLanguage\":\"de\",\"@id\":\"https:\\\/\\\/rogo-rent.hr\\\/de\\\/#\\\/schema\\\/logo\\\/image\\\/\",\"url\":\"https:\\\/\\\/rogo-rent.hr\\\/wp-content\\\/uploads\\\/2025\\\/06\\\/logo-for-mail.webp\",\"contentUrl\":\"https:\\\/\\\/rogo-rent.hr\\\/wp-content\\\/uploads\\\/2025\\\/06\\\/logo-for-mail.webp\",\"width\":300,\"height\":185,\"caption\":\"Strandhaus Nik\u0161a - Vis, Kroatien\"},\"image\":{\"@id\":\"https:\\\/\\\/rogo-rent.hr\\\/de\\\/#\\\/schema\\\/logo\\\/image\\\/\"}}]}<\/script>\n<!-- \/ Yoast SEO plugin. -->","yoast_head_json":{"title":"Buchung &amp; Regeln - Strandhaus Nik\u0161a - Vis, Kroatien","robots":{"index":"index","follow":"follow","max-snippet":"max-snippet:-1","max-image-preview":"max-image-preview:large","max-video-preview":"max-video-preview:-1"},"canonical":"https:\/\/rogo-rent.hr\/de\/buchung-regeln\/","og_locale":"de_DE","og_type":"article","og_title":"Buchung &amp; Regeln - Strandhaus Nik\u0161a - Vis, Kroatien","og_description":"Wichtige Hausregeln Unser Ferienhaus ist f\u00fcr maximal 2 Personen ausgelegt.Wir z\u00e4hlen alle Personen, unabh\u00e4ngig von ihrem Alter. Check-in: ab 18:00 Uhr, Check-out: bis 10:00 UhrBeim Check-in und beim Check-out werden wir pers\u00f6nlich anwesend sein. Rauchen verboten Keine Haustiere Keine Partys Die Nutzung des Hauses und der Terrassen ist nur den beiden zum Zeitpunkt der Buchung ...","og_url":"https:\/\/rogo-rent.hr\/de\/buchung-regeln\/","og_site_name":"Strandhaus Nik\u0161a - Vis, Kroatien","article_modified_time":"2026-01-10T19:09:12+00:00","twitter_card":"summary_large_image","twitter_misc":{"Gesch\u00e4tzte Lesezeit":"3\u00a0Minuten"},"schema":{"@context":"https:\/\/schema.org","@graph":[{"@type":"WebPage","@id":"https:\/\/rogo-rent.hr\/de\/buchung-regeln\/","url":"https:\/\/rogo-rent.hr\/de\/buchung-regeln\/","name":"Buchung &amp; Regeln - Strandhaus Nik\u0161a - Vis, Kroatien","isPartOf":{"@id":"https:\/\/rogo-rent.hr\/de\/#website"},"datePublished":"2015-04-23T10:57:21+00:00","dateModified":"2026-01-10T19:09:12+00:00","breadcrumb":{"@id":"https:\/\/rogo-rent.hr\/de\/buchung-regeln\/#breadcrumb"},"inLanguage":"de","potentialAction":[{"@type":"ReadAction","target":["https:\/\/rogo-rent.hr\/de\/buchung-regeln\/"]}]},{"@type":"BreadcrumbList","@id":"https:\/\/rogo-rent.hr\/de\/buchung-regeln\/#breadcrumb","itemListElement":[{"@type":"ListItem","position":1,"name":"Home","item":"https:\/\/rogo-rent.hr\/de\/"},{"@type":"ListItem","position":2,"name":"Buchung &amp; Regeln"}]},{"@type":"WebSite","@id":"https:\/\/rogo-rent.hr\/de\/#website","url":"https:\/\/rogo-rent.hr\/de\/","name":"Seafronthouse Niksa - Vis, Croatia","description":"Welcome to our lovingly renovated fisherman&#039;s house \u201cNiksa\u201d - just 10 steps from the sea!","publisher":{"@id":"https:\/\/rogo-rent.hr\/de\/#organization"},"alternateName":"Seafronthouse Niksa - Vis Island Croatia","potentialAction":[{"@type":"SearchAction","target":{"@type":"EntryPoint","urlTemplate":"https:\/\/rogo-rent.hr\/de\/?s={search_term_string}"},"query-input":{"@type":"PropertyValueSpecification","valueRequired":true,"valueName":"search_term_string"}}],"inLanguage":"de"},{"@type":"Organization","@id":"https:\/\/rogo-rent.hr\/de\/#organization","name":"Strandhaus Nik\u0161a - Vis, Kroatien","url":"https:\/\/rogo-rent.hr\/de\/","logo":{"@type":"ImageObject","inLanguage":"de","@id":"https:\/\/rogo-rent.hr\/de\/#\/schema\/logo\/image\/","url":"https:\/\/rogo-rent.hr\/wp-content\/uploads\/2025\/06\/logo-for-mail.webp","contentUrl":"https:\/\/rogo-rent.hr\/wp-content\/uploads\/2025\/06\/logo-for-mail.webp","width":300,"height":185,"caption":"Strandhaus Nik\u0161a - Vis, Kroatien"},"image":{"@id":"https:\/\/rogo-rent.hr\/de\/#\/schema\/logo\/image\/"}}]}},"_links":{"self":[{"href":"https:\/\/rogo-rent.hr\/de\/wp-json\/wp\/v2\/pages\/38814","targetHints":{"allow":["GET"]}}],"collection":[{"href":"https:\/\/rogo-rent.hr\/de\/wp-json\/wp\/v2\/pages"}],"about":[{"href":"https:\/\/rogo-rent.hr\/de\/wp-json\/wp\/v2\/types\/page"}],"author":[{"embeddable":true,"href":"https:\/\/rogo-rent.hr\/de\/wp-json\/wp\/v2\/users\/1"}],"replies":[{"embeddable":true,"href":"https:\/\/rogo-rent.hr\/de\/wp-json\/wp\/v2\/comments?post=38814"}],"version-history":[{"count":23,"href":"https:\/\/rogo-rent.hr\/de\/wp-json\/wp\/v2\/pages\/38814\/revisions"}],"predecessor-version":[{"id":39371,"href":"https:\/\/rogo-rent.hr\/de\/wp-json\/wp\/v2\/pages\/38814\/revisions\/39371"}],"wp:attachment":[{"href":"https:\/\/rogo-rent.hr\/de\/wp-json\/wp\/v2\/media?parent=38814"}],"curies":[{"name":"wp","href":"https:\/\/api.w.org\/{rel}","templated":true}]}}