{"id":38788,"date":"2021-09-02T08:52:13","date_gmt":"2021-09-02T06:52:13","guid":{"rendered":"https:\/\/rogo-rent.hr\/stornierungsbedingungen\/"},"modified":"2026-01-10T20:17:21","modified_gmt":"2026-01-10T19:17:21","slug":"hausregeln","status":"publish","type":"page","link":"https:\/\/rogo-rent.hr\/de\/hausregeln\/","title":{"rendered":"Hausregeln"},"content":{"rendered":"\t\t<div data-elementor-type=\"wp-page\" data-elementor-id=\"38788\" class=\"elementor elementor-38788 elementor-36436\" data-elementor-post-type=\"page\">\n\t\t\t\t<div class=\"elementor-element elementor-element-1b99abce e-flex e-con-boxed e-con e-parent\" data-id=\"1b99abce\" data-element_type=\"container\">\n\t\t\t\t\t<div class=\"e-con-inner\">\n\t\t\t\t<div class=\"elementor-element elementor-element-5022f109 elementor-widget elementor-widget-text-editor\" data-id=\"5022f109\" data-element_type=\"widget\" data-widget_type=\"text-editor.default\">\n\t\t\t\t<div class=\"elementor-widget-container\">\n\t\t\t\t\t\t\t\t\t<ul class=\"wp-block-list\">\n<li>\n<p>Unser Ferienhaus ist f\u00fcr maximal&nbsp;<span style=\"color: #2e9eea;\"><b>2 Personen<\/b><\/span> ausgelegt.<br><b style=\"color: rgb(46, 158, 234);\">Wir z\u00e4hlen alle Personen, unabh\u00e4ngig von ihrem Alter.<\/b><\/p>\n<\/li>\n<li>\n<p><span style=\"color: #ff0000;\">Check-in: ab 18:00 Uhr<\/span>, Check-out: bis 10:00 Uhr<br>Beim Check-in und beim Check-out werden wir pers\u00f6nlich anwesend sein.<\/p>\n<\/li>\n<li>\n<p>Rauchen verboten<\/p>\n<\/li>\n<li>\n<p>Keine Haustiere<\/p>\n<\/li>\n<li>\n<p>Keine Partys<\/p>\n<\/li>\n<li>\n<p>Die Nutzung des Hauses und der Terrassen ist nur den beiden zum Zeitpunkt der Buchung registrierten G\u00e4sten gestattet. Dies gilt auch f\u00fcr die Nutzung s\u00e4mtlichen Zubeh\u00f6rs.<\/p>\n<\/li>\n<li>\n<p>Wir bitten Sie die&nbsp; Insekten welche trotz Fliegenschutzgitter ins Haus gelangen nicht an die Wand zu schlagen. Dies hilft uns, das Haus in gutem Zustand zu halten.<\/p>\n<\/li>\n<li>\n<p>Wir bitten Sie, uns im Falle von Sch\u00e4den oder Problemen umgehend zu kontaktieren, damit wir schnell helfen k\u00f6nnen.<\/p>\n<\/li>\n<li>\n<p>Badezimmer: Bitte benutzen Sie die Toilette im Sitzen!<\/p>\n<\/li>\n<li>\n<p><span style=\"color: #2e9eea;\"><strong>K\u00fcche: Zum Grillen von Fleisch oder Fisch nutzen Sie bitte den Au\u00dfengrill!<\/strong><\/span><\/p>\n<\/li>\n<li>\n<p><span class=\"Y2IQFc\" lang=\"en\">Aussenbereich: Unser&nbsp;<span style=\"color: #2e9eea;\"><strong>Au\u00dfengrill<\/strong><\/span>&nbsp;ist&nbsp;<span style=\"color: #2e9eea;\"><strong>ausschlie\u00dflich f\u00fcr die Verwendung mit Grillbriketts<\/strong><\/span>&nbsp;bestimmt.<br>Wir stellen Ihnen diese Briketts zusammen mit einem Weber-Grillanz\u00fcnder kostenlos zur Verf\u00fcgung.<br>Damit erhalten Sie in 20 Minuten eine perfekte Glut, die fast eine Stunde lang h\u00e4lt.<br><span style=\"color: #2e9eea;\"><strong>Es ist nicht gestattet, in diesem Grill Holz oder Holzkohle zu verwenden<\/strong><\/span><\/span>.<\/p>\n<\/li>\n<\/ul>\n<h2 style=\"text-align: center;\">Vielen Dank, dass Sie unser Haus mit Respekt behandeln.<\/h2>\t\t\t\t\t\t\t\t<\/div>\n\t\t\t\t<\/div>\n\t\t\t\t\t<\/div>\n\t\t\t\t<\/div>\n\t\t\t\t<\/div>\n\t\t","protected":false},"excerpt":{"rendered":"<p>Unser Ferienhaus ist f\u00fcr maximal&nbsp;2 Personen ausgelegt.Wir z\u00e4hlen alle Personen, unabh\u00e4ngig von ihrem Alter. Check-in: ab 18:00 Uhr, Check-out: bis 10:00 UhrBeim Check-in und beim Check-out werden wir pers\u00f6nlich anwesend sein. Rauchen verboten Keine Haustiere Keine Partys Die Nutzung des Hauses und der Terrassen ist nur den beiden zum Zeitpunkt der Buchung registrierten G\u00e4sten gestattet. &#8230;<\/p>\n","protected":false},"author":1,"featured_media":0,"parent":0,"menu_order":0,"comment_status":"closed","ping_status":"closed","template":"","meta":{"footnotes":""},"class_list":["post-38788","page","type-page","status-publish","hentry"],"yoast_head":"<!-- This site is optimized with the Yoast SEO plugin v27.3 - https:\/\/yoast.com\/product\/yoast-seo-wordpress\/ -->\n<title>Hausregeln Strandhaus Niksa Vis - Strandhaus Nik\u0161a - Vis, Kroatien<\/title>\n<meta name=\"description\" content=\"Explore the Hausregeln Strandhaus Niksa Vis for a perfect stay. Enjoy a tranquil experience with clear guidelines in place.\" \/>\n<meta name=\"robots\" content=\"index, follow, max-snippet:-1, max-image-preview:large, max-video-preview:-1\" \/>\n<link rel=\"canonical\" href=\"https:\/\/rogo-rent.hr\/de\/hausregeln\/\" \/>\n<meta property=\"og:locale\" content=\"de_DE\" \/>\n<meta property=\"og:type\" content=\"article\" \/>\n<meta property=\"og:title\" content=\"Hausregeln Strandhaus Niksa Vis - Strandhaus Nik\u0161a - Vis, Kroatien\" \/>\n<meta property=\"og:description\" content=\"Explore the Hausregeln Strandhaus Niksa Vis for a perfect stay. Enjoy a tranquil experience with clear guidelines in place.\" \/>\n<meta property=\"og:url\" content=\"https:\/\/rogo-rent.hr\/de\/hausregeln\/\" \/>\n<meta property=\"og:site_name\" content=\"Strandhaus Nik\u0161a - Vis, Kroatien\" \/>\n<meta property=\"article:modified_time\" content=\"2026-01-10T19:17:21+00:00\" \/>\n<meta name=\"twitter:card\" content=\"summary_large_image\" \/>\n<meta name=\"twitter:label1\" content=\"Gesch\u00e4tzte Lesezeit\" \/>\n\t<meta name=\"twitter:data1\" content=\"2\u00a0Minuten\" \/>\n<script type=\"application\/ld+json\" class=\"yoast-schema-graph\">{\"@context\":\"https:\\\/\\\/schema.org\",\"@graph\":[{\"@type\":\"WebPage\",\"@id\":\"https:\\\/\\\/rogo-rent.hr\\\/de\\\/hausregeln\\\/\",\"url\":\"https:\\\/\\\/rogo-rent.hr\\\/de\\\/hausregeln\\\/\",\"name\":\"Hausregeln Strandhaus Niksa Vis - Strandhaus Nik\u0161a - Vis, Kroatien\",\"isPartOf\":{\"@id\":\"https:\\\/\\\/rogo-rent.hr\\\/de\\\/#website\"},\"datePublished\":\"2021-09-02T06:52:13+00:00\",\"dateModified\":\"2026-01-10T19:17:21+00:00\",\"description\":\"Explore the Hausregeln Strandhaus Niksa Vis for a perfect stay. Enjoy a tranquil experience with clear guidelines in place.\",\"breadcrumb\":{\"@id\":\"https:\\\/\\\/rogo-rent.hr\\\/de\\\/hausregeln\\\/#breadcrumb\"},\"inLanguage\":\"de\",\"potentialAction\":[{\"@type\":\"ReadAction\",\"target\":[\"https:\\\/\\\/rogo-rent.hr\\\/de\\\/hausregeln\\\/\"]}]},{\"@type\":\"BreadcrumbList\",\"@id\":\"https:\\\/\\\/rogo-rent.hr\\\/de\\\/hausregeln\\\/#breadcrumb\",\"itemListElement\":[{\"@type\":\"ListItem\",\"position\":1,\"name\":\"Home\",\"item\":\"https:\\\/\\\/rogo-rent.hr\\\/de\\\/\"},{\"@type\":\"ListItem\",\"position\":2,\"name\":\"Hausregeln\"}]},{\"@type\":\"WebSite\",\"@id\":\"https:\\\/\\\/rogo-rent.hr\\\/de\\\/#website\",\"url\":\"https:\\\/\\\/rogo-rent.hr\\\/de\\\/\",\"name\":\"Seafronthouse Niksa - Vis, Croatia\",\"description\":\"Welcome to our lovingly renovated fisherman&#039;s house \u201cNiksa\u201d - just 10 steps from the sea!\",\"publisher\":{\"@id\":\"https:\\\/\\\/rogo-rent.hr\\\/de\\\/#organization\"},\"alternateName\":\"Seafronthouse Niksa - Vis Island Croatia\",\"potentialAction\":[{\"@type\":\"SearchAction\",\"target\":{\"@type\":\"EntryPoint\",\"urlTemplate\":\"https:\\\/\\\/rogo-rent.hr\\\/de\\\/?s={search_term_string}\"},\"query-input\":{\"@type\":\"PropertyValueSpecification\",\"valueRequired\":true,\"valueName\":\"search_term_string\"}}],\"inLanguage\":\"de\"},{\"@type\":\"Organization\",\"@id\":\"https:\\\/\\\/rogo-rent.hr\\\/de\\\/#organization\",\"name\":\"Strandhaus Nik\u0161a - Vis, Kroatien\",\"url\":\"https:\\\/\\\/rogo-rent.hr\\\/de\\\/\",\"logo\":{\"@type\":\"ImageObject\",\"inLanguage\":\"de\",\"@id\":\"https:\\\/\\\/rogo-rent.hr\\\/de\\\/#\\\/schema\\\/logo\\\/image\\\/\",\"url\":\"https:\\\/\\\/rogo-rent.hr\\\/wp-content\\\/uploads\\\/2025\\\/06\\\/logo-for-mail.webp\",\"contentUrl\":\"https:\\\/\\\/rogo-rent.hr\\\/wp-content\\\/uploads\\\/2025\\\/06\\\/logo-for-mail.webp\",\"width\":300,\"height\":185,\"caption\":\"Strandhaus Nik\u0161a - Vis, Kroatien\"},\"image\":{\"@id\":\"https:\\\/\\\/rogo-rent.hr\\\/de\\\/#\\\/schema\\\/logo\\\/image\\\/\"}}]}<\/script>\n<!-- \/ Yoast SEO plugin. -->","yoast_head_json":{"title":"Hausregeln Strandhaus Niksa Vis - Strandhaus Nik\u0161a - Vis, Kroatien","description":"Explore the Hausregeln Strandhaus Niksa Vis for a perfect stay. Enjoy a tranquil experience with clear guidelines in place.","robots":{"index":"index","follow":"follow","max-snippet":"max-snippet:-1","max-image-preview":"max-image-preview:large","max-video-preview":"max-video-preview:-1"},"canonical":"https:\/\/rogo-rent.hr\/de\/hausregeln\/","og_locale":"de_DE","og_type":"article","og_title":"Hausregeln Strandhaus Niksa Vis - Strandhaus Nik\u0161a - Vis, Kroatien","og_description":"Explore the Hausregeln Strandhaus Niksa Vis for a perfect stay. Enjoy a tranquil experience with clear guidelines in place.","og_url":"https:\/\/rogo-rent.hr\/de\/hausregeln\/","og_site_name":"Strandhaus Nik\u0161a - Vis, Kroatien","article_modified_time":"2026-01-10T19:17:21+00:00","twitter_card":"summary_large_image","twitter_misc":{"Gesch\u00e4tzte Lesezeit":"2\u00a0Minuten"},"schema":{"@context":"https:\/\/schema.org","@graph":[{"@type":"WebPage","@id":"https:\/\/rogo-rent.hr\/de\/hausregeln\/","url":"https:\/\/rogo-rent.hr\/de\/hausregeln\/","name":"Hausregeln Strandhaus Niksa Vis - Strandhaus Nik\u0161a - Vis, Kroatien","isPartOf":{"@id":"https:\/\/rogo-rent.hr\/de\/#website"},"datePublished":"2021-09-02T06:52:13+00:00","dateModified":"2026-01-10T19:17:21+00:00","description":"Explore the Hausregeln Strandhaus Niksa Vis for a perfect stay. Enjoy a tranquil experience with clear guidelines in place.","breadcrumb":{"@id":"https:\/\/rogo-rent.hr\/de\/hausregeln\/#breadcrumb"},"inLanguage":"de","potentialAction":[{"@type":"ReadAction","target":["https:\/\/rogo-rent.hr\/de\/hausregeln\/"]}]},{"@type":"BreadcrumbList","@id":"https:\/\/rogo-rent.hr\/de\/hausregeln\/#breadcrumb","itemListElement":[{"@type":"ListItem","position":1,"name":"Home","item":"https:\/\/rogo-rent.hr\/de\/"},{"@type":"ListItem","position":2,"name":"Hausregeln"}]},{"@type":"WebSite","@id":"https:\/\/rogo-rent.hr\/de\/#website","url":"https:\/\/rogo-rent.hr\/de\/","name":"Seafronthouse Niksa - Vis, Croatia","description":"Welcome to our lovingly renovated fisherman&#039;s house \u201cNiksa\u201d - just 10 steps from the sea!","publisher":{"@id":"https:\/\/rogo-rent.hr\/de\/#organization"},"alternateName":"Seafronthouse Niksa - Vis Island Croatia","potentialAction":[{"@type":"SearchAction","target":{"@type":"EntryPoint","urlTemplate":"https:\/\/rogo-rent.hr\/de\/?s={search_term_string}"},"query-input":{"@type":"PropertyValueSpecification","valueRequired":true,"valueName":"search_term_string"}}],"inLanguage":"de"},{"@type":"Organization","@id":"https:\/\/rogo-rent.hr\/de\/#organization","name":"Strandhaus Nik\u0161a - Vis, Kroatien","url":"https:\/\/rogo-rent.hr\/de\/","logo":{"@type":"ImageObject","inLanguage":"de","@id":"https:\/\/rogo-rent.hr\/de\/#\/schema\/logo\/image\/","url":"https:\/\/rogo-rent.hr\/wp-content\/uploads\/2025\/06\/logo-for-mail.webp","contentUrl":"https:\/\/rogo-rent.hr\/wp-content\/uploads\/2025\/06\/logo-for-mail.webp","width":300,"height":185,"caption":"Strandhaus Nik\u0161a - Vis, Kroatien"},"image":{"@id":"https:\/\/rogo-rent.hr\/de\/#\/schema\/logo\/image\/"}}]}},"_links":{"self":[{"href":"https:\/\/rogo-rent.hr\/de\/wp-json\/wp\/v2\/pages\/38788","targetHints":{"allow":["GET"]}}],"collection":[{"href":"https:\/\/rogo-rent.hr\/de\/wp-json\/wp\/v2\/pages"}],"about":[{"href":"https:\/\/rogo-rent.hr\/de\/wp-json\/wp\/v2\/types\/page"}],"author":[{"embeddable":true,"href":"https:\/\/rogo-rent.hr\/de\/wp-json\/wp\/v2\/users\/1"}],"replies":[{"embeddable":true,"href":"https:\/\/rogo-rent.hr\/de\/wp-json\/wp\/v2\/comments?post=38788"}],"version-history":[{"count":17,"href":"https:\/\/rogo-rent.hr\/de\/wp-json\/wp\/v2\/pages\/38788\/revisions"}],"predecessor-version":[{"id":39386,"href":"https:\/\/rogo-rent.hr\/de\/wp-json\/wp\/v2\/pages\/38788\/revisions\/39386"}],"wp:attachment":[{"href":"https:\/\/rogo-rent.hr\/de\/wp-json\/wp\/v2\/media?parent=38788"}],"curies":[{"name":"wp","href":"https:\/\/api.w.org\/{rel}","templated":true}]}}